{"id":184,"date":"2018-05-14T03:48:04","date_gmt":"2018-05-14T06:48:04","guid":{"rendered":"http:\/\/chumamaya.com\/?page_id=2"},"modified":"2019-04-03T19:21:47","modified_gmt":"2019-04-03T19:21:47","slug":"about","status":"publish","type":"page","link":"https:\/\/chumamaya.com\/arquitectura\/about\/","title":{"rendered":"Trayectoria"},"content":{"rendered":"<p>Los Arquitectos Gloria y Ricardo Barrera, titulares del estudio hom\u00f3nimo y parte integrante de la<br \/>\nfamilia fundadora,\u00a0cuentan con una larga trayectoria profesional.<\/p>\n<p>Egresados de la Universidad de Buenos Aires, llevan tres d\u00e9cadas construyendo obras prestigiosas en toda la Villa de Merlo.<\/p>\n<p>El Estudio se ha especializado en la construcci\u00f3n de residencias para vivienda permanente y de veraneo. Varias de sus mejores creaciones pueden apreciarse en el Chumamaya Country Club.<\/p>\n<p>Dise\u00f1os funcionales de volumetr\u00eda muy vistosa, calidad artesanal en la mano de obra, materiales nobles y seleccionados, direcci\u00f3n t\u00e9cnica realizada personalmente por los titulares, y soluciones pensadas para cada presupuesto son los atributos m\u00e1s destacables del Estudio.<\/p>\n","protected":false},"excerpt":{"rendered":"<p>Los Arquitectos Gloria y Ricardo Barrera, titulares del estudio hom\u00f3nimo y parte integrante de la familia fundadora,\u00a0cuentan con una larga trayectoria profesional. Egresados de la Universidad de Buenos Aires, llevan tres d\u00e9cadas construyendo obras prestigiosas en toda la Villa de Merlo. El Estudio se ha especializado en la construcci\u00f3n de residencias para vivienda permanente y &hellip;<\/p>\n","protected":false},"author":1,"featured_media":0,"parent":0,"menu_order":0,"comment_status":"closed","ping_status":"closed","template":"","meta":{"_monsterinsights_skip_tracking":false,"_monsterinsights_sitenote_active":false,"_monsterinsights_sitenote_note":"","_monsterinsights_sitenote_category":0,"footnotes":""},"class_list":["post-184","page","type-page","status-publish","hentry","no-thumb"],"yoast_head":"<!-- This site is optimized with the Yoast SEO plugin v23.4 - https:\/\/yoast.com\/wordpress\/plugins\/seo\/ -->\n<title>Trayectoria - arquitectura<\/title>\n<meta name=\"robots\" content=\"index, follow, max-snippet:-1, max-image-preview:large, max-video-preview:-1\" \/>\n<link rel=\"canonical\" href=\"https:\/\/chumamaya.com\/arquitectura\/about\/\" \/>\n<meta property=\"og:locale\" content=\"en_US\" \/>\n<meta property=\"og:type\" content=\"article\" \/>\n<meta property=\"og:title\" content=\"Trayectoria - arquitectura\" \/>\n<meta property=\"og:description\" content=\"Los Arquitectos Gloria y Ricardo Barrera, titulares del estudio hom\u00f3nimo y parte integrante de la familia fundadora,\u00a0cuentan con una larga trayectoria profesional. Egresados de la Universidad de Buenos Aires, llevan tres d\u00e9cadas construyendo obras prestigiosas en toda la Villa de Merlo. El Estudio se ha especializado en la construcci\u00f3n de residencias para vivienda permanente y &hellip;\" \/>\n<meta property=\"og:url\" content=\"https:\/\/chumamaya.com\/arquitectura\/about\/\" \/>\n<meta property=\"og:site_name\" content=\"arquitectura\" \/>\n<meta property=\"article:modified_time\" content=\"2019-04-03T19:21:47+00:00\" \/>\n<meta name=\"twitter:card\" content=\"summary_large_image\" \/>\n<meta name=\"twitter:label1\" content=\"Est. reading time\" \/>\n\t<meta name=\"twitter:data1\" content=\"1 minute\" \/>\n<script type=\"application\/ld+json\" class=\"yoast-schema-graph\">{\"@context\":\"https:\/\/schema.org\",\"@graph\":[{\"@type\":\"WebPage\",\"@id\":\"https:\/\/chumamaya.com\/arquitectura\/about\/\",\"url\":\"https:\/\/chumamaya.com\/arquitectura\/about\/\",\"name\":\"Trayectoria - arquitectura\",\"isPartOf\":{\"@id\":\"https:\/\/chumamaya.com\/arquitectura\/#website\"},\"datePublished\":\"2018-05-14T06:48:04+00:00\",\"dateModified\":\"2019-04-03T19:21:47+00:00\",\"breadcrumb\":{\"@id\":\"https:\/\/chumamaya.com\/arquitectura\/about\/#breadcrumb\"},\"inLanguage\":\"en-US\",\"potentialAction\":[{\"@type\":\"ReadAction\",\"target\":[\"https:\/\/chumamaya.com\/arquitectura\/about\/\"]}]},{\"@type\":\"BreadcrumbList\",\"@id\":\"https:\/\/chumamaya.com\/arquitectura\/about\/#breadcrumb\",\"itemListElement\":[{\"@type\":\"ListItem\",\"position\":1,\"name\":\"Inicio\",\"item\":\"https:\/\/chumamaya.com\/arquitectura\/\"},{\"@type\":\"ListItem\",\"position\":2,\"name\":\"Trayectoria\"}]},{\"@type\":\"WebSite\",\"@id\":\"https:\/\/chumamaya.com\/arquitectura\/#website\",\"url\":\"https:\/\/chumamaya.com\/arquitectura\/\",\"name\":\"arquitectura\",\"description\":\"ESTUDIO DE ARQUITECTURA\",\"potentialAction\":[{\"@type\":\"SearchAction\",\"target\":{\"@type\":\"EntryPoint\",\"urlTemplate\":\"https:\/\/chumamaya.com\/arquitectura\/?s={search_term_string}\"},\"query-input\":{\"@type\":\"PropertyValueSpecification\",\"valueRequired\":true,\"valueName\":\"search_term_string\"}}],\"inLanguage\":\"en-US\"}]}<\/script>\n<!-- \/ Yoast SEO plugin. -->","yoast_head_json":{"title":"Trayectoria - arquitectura","robots":{"index":"index","follow":"follow","max-snippet":"max-snippet:-1","max-image-preview":"max-image-preview:large","max-video-preview":"max-video-preview:-1"},"canonical":"https:\/\/chumamaya.com\/arquitectura\/about\/","og_locale":"en_US","og_type":"article","og_title":"Trayectoria - arquitectura","og_description":"Los Arquitectos Gloria y Ricardo Barrera, titulares del estudio hom\u00f3nimo y parte integrante de la familia fundadora,\u00a0cuentan con una larga trayectoria profesional. Egresados de la Universidad de Buenos Aires, llevan tres d\u00e9cadas construyendo obras prestigiosas en toda la Villa de Merlo. El Estudio se ha especializado en la construcci\u00f3n de residencias para vivienda permanente y &hellip;","og_url":"https:\/\/chumamaya.com\/arquitectura\/about\/","og_site_name":"arquitectura","article_modified_time":"2019-04-03T19:21:47+00:00","twitter_card":"summary_large_image","twitter_misc":{"Est. reading time":"1 minute"},"schema":{"@context":"https:\/\/schema.org","@graph":[{"@type":"WebPage","@id":"https:\/\/chumamaya.com\/arquitectura\/about\/","url":"https:\/\/chumamaya.com\/arquitectura\/about\/","name":"Trayectoria - arquitectura","isPartOf":{"@id":"https:\/\/chumamaya.com\/arquitectura\/#website"},"datePublished":"2018-05-14T06:48:04+00:00","dateModified":"2019-04-03T19:21:47+00:00","breadcrumb":{"@id":"https:\/\/chumamaya.com\/arquitectura\/about\/#breadcrumb"},"inLanguage":"en-US","potentialAction":[{"@type":"ReadAction","target":["https:\/\/chumamaya.com\/arquitectura\/about\/"]}]},{"@type":"BreadcrumbList","@id":"https:\/\/chumamaya.com\/arquitectura\/about\/#breadcrumb","itemListElement":[{"@type":"ListItem","position":1,"name":"Inicio","item":"https:\/\/chumamaya.com\/arquitectura\/"},{"@type":"ListItem","position":2,"name":"Trayectoria"}]},{"@type":"WebSite","@id":"https:\/\/chumamaya.com\/arquitectura\/#website","url":"https:\/\/chumamaya.com\/arquitectura\/","name":"arquitectura","description":"ESTUDIO DE ARQUITECTURA","potentialAction":[{"@type":"SearchAction","target":{"@type":"EntryPoint","urlTemplate":"https:\/\/chumamaya.com\/arquitectura\/?s={search_term_string}"},"query-input":{"@type":"PropertyValueSpecification","valueRequired":true,"valueName":"search_term_string"}}],"inLanguage":"en-US"}]}},"_links":{"self":[{"href":"https:\/\/chumamaya.com\/arquitectura\/wp-json\/wp\/v2\/pages\/184"}],"collection":[{"href":"https:\/\/chumamaya.com\/arquitectura\/wp-json\/wp\/v2\/pages"}],"about":[{"href":"https:\/\/chumamaya.com\/arquitectura\/wp-json\/wp\/v2\/types\/page"}],"author":[{"embeddable":true,"href":"https:\/\/chumamaya.com\/arquitectura\/wp-json\/wp\/v2\/users\/1"}],"replies":[{"embeddable":true,"href":"https:\/\/chumamaya.com\/arquitectura\/wp-json\/wp\/v2\/comments?post=184"}],"version-history":[{"count":3,"href":"https:\/\/chumamaya.com\/arquitectura\/wp-json\/wp\/v2\/pages\/184\/revisions"}],"predecessor-version":[{"id":297,"href":"https:\/\/chumamaya.com\/arquitectura\/wp-json\/wp\/v2\/pages\/184\/revisions\/297"}],"wp:attachment":[{"href":"https:\/\/chumamaya.com\/arquitectura\/wp-json\/wp\/v2\/media?parent=184"}],"curies":[{"name":"wp","href":"https:\/\/api.w.org\/{rel}","templated":true}]}}