{"id":2883,"date":"2025-04-30T15:03:57","date_gmt":"2025-04-30T18:03:57","guid":{"rendered":"https:\/\/chumamaya.com\/ventas\/?post_type=product&#038;p=2883"},"modified":"2025-05-12T11:36:17","modified_gmt":"2025-05-12T14:36:17","slug":"mamushka","status":"publish","type":"product","link":"https:\/\/chumamaya.com\/ventas\/product\/mamushka\/","title":{"rendered":"Mamushka"},"content":{"rendered":"<p>Chalet estilo country muy confortable, de 3 dormitorios y dos ba\u00f1os (uno con hidromasaje para 2 personas), deck mirador de PVC con vistas espectaculares a la monta\u00f1a, piscina revestida con sistema de calefacci\u00f3n, y parque con riego computarizado. Con gas natural y sobre pavimento.<\/p>\n<p>Constructor: Arq Mart\u00edn D\u00edaz<\/p>\n<p>A\u00f1o de construcci\u00f3n: 2009<\/p>\n<p>Metros de construcci\u00f3n: 166 m2<\/p>\n<p>Lote: UF 8 Block 23<\/p>\n<p>Superficie lote: 800 m2<\/p>\n<p>Dormitorios: 3<\/p>\n<p>Ba\u00f1os: 2<\/p>\n<p>Piscina: Si<\/p>\n<p>APTA CR\u00c9DITO HIPOTECARIO<\/p>\n","protected":false},"excerpt":{"rendered":"<p>Chalet estilo country muy confortable, de 3 dormitorios y dos ba\u00f1os (uno con hidromasaje para 2 personas), deck mirador de PVC con vistas espectaculares a la monta\u00f1a, piscina revestida con sistema de calefacci\u00f3n, y parque con riego computarizado. Con gas natural y sobre pavimento. Constructor: Arq Mart\u00edn D\u00edaz A\u00f1o de construcci\u00f3n: 2009 Metros de construcci\u00f3n: &hellip;<\/p>\n","protected":false},"featured_media":2906,"comment_status":"open","ping_status":"closed","template":"","meta":{"_monsterinsights_skip_tracking":false,"_monsterinsights_sitenote_active":false,"_monsterinsights_sitenote_note":"","_monsterinsights_sitenote_category":0},"product_cat":[19],"product_tag":[],"class_list":{"0":"post-2883","1":"product","2":"type-product","3":"status-publish","4":"has-post-thumbnail","6":"product_cat-chalets","7":"pa_ano-de-construccion-176","8":"pa_banos-25","9":"pa_constructor-arq-martin-diaz","10":"pa_dormitorios-34","11":"pa_lotes-64","12":"pa_metros-de-construccion-166-m2","13":"pa_piscina-si","14":"pa_superficie-lote-s-282","15":"has-thumb","17":"first","18":"instock","19":"shipping-taxable","20":"purchasable","21":"product-type-simple"},"yoast_head":"<!-- This site is optimized with the Yoast SEO plugin v23.4 - https:\/\/yoast.com\/wordpress\/plugins\/seo\/ -->\n<title>Mamushka - Venta de Inmuebles<\/title>\n<meta name=\"robots\" content=\"index, follow, max-snippet:-1, max-image-preview:large, max-video-preview:-1\" \/>\n<link rel=\"canonical\" href=\"https:\/\/chumamaya.com\/ventas\/product\/mamushka\/\" \/>\n<meta property=\"og:locale\" content=\"es_ES\" \/>\n<meta property=\"og:type\" content=\"article\" \/>\n<meta property=\"og:title\" content=\"Mamushka - Venta de Inmuebles\" \/>\n<meta property=\"og:description\" content=\"Chalet estilo country muy confortable, de 3 dormitorios y dos ba\u00f1os (uno con hidromasaje para 2 personas), deck mirador de PVC con vistas espectaculares a la monta\u00f1a, piscina revestida con sistema de calefacci\u00f3n, y parque con riego computarizado. Con gas natural y sobre pavimento. Constructor: Arq Mart\u00edn D\u00edaz A\u00f1o de construcci\u00f3n: 2009 Metros de construcci\u00f3n: &hellip;\" \/>\n<meta property=\"og:url\" content=\"https:\/\/chumamaya.com\/ventas\/product\/mamushka\/\" \/>\n<meta property=\"og:site_name\" content=\"Venta de Inmuebles\" \/>\n<meta property=\"article:modified_time\" content=\"2025-05-12T14:36:17+00:00\" \/>\n<meta property=\"og:image\" content=\"https:\/\/chumamaya.com\/ventas\/files\/2025\/04\/IMG_3766FILEminimizer.jpg\" \/>\n\t<meta property=\"og:image:width\" content=\"1600\" \/>\n\t<meta property=\"og:image:height\" content=\"1200\" \/>\n\t<meta property=\"og:image:type\" content=\"image\/jpeg\" \/>\n<meta name=\"twitter:card\" content=\"summary_large_image\" \/>\n<meta name=\"twitter:label1\" content=\"Tiempo de lectura\" \/>\n\t<meta name=\"twitter:data1\" content=\"1 minuto\" \/>\n<script type=\"application\/ld+json\" class=\"yoast-schema-graph\">{\"@context\":\"https:\/\/schema.org\",\"@graph\":[{\"@type\":\"WebPage\",\"@id\":\"https:\/\/chumamaya.com\/ventas\/product\/mamushka\/\",\"url\":\"https:\/\/chumamaya.com\/ventas\/product\/mamushka\/\",\"name\":\"Mamushka - Venta de Inmuebles\",\"isPartOf\":{\"@id\":\"https:\/\/chumamaya.com\/ventas\/#website\"},\"primaryImageOfPage\":{\"@id\":\"https:\/\/chumamaya.com\/ventas\/product\/mamushka\/#primaryimage\"},\"image\":{\"@id\":\"https:\/\/chumamaya.com\/ventas\/product\/mamushka\/#primaryimage\"},\"thumbnailUrl\":\"https:\/\/chumamaya.com\/ventas\/files\/2025\/04\/IMG_3766FILEminimizer.jpg\",\"datePublished\":\"2025-04-30T18:03:57+00:00\",\"dateModified\":\"2025-05-12T14:36:17+00:00\",\"breadcrumb\":{\"@id\":\"https:\/\/chumamaya.com\/ventas\/product\/mamushka\/#breadcrumb\"},\"inLanguage\":\"es-AR\",\"potentialAction\":[{\"@type\":\"ReadAction\",\"target\":[\"https:\/\/chumamaya.com\/ventas\/product\/mamushka\/\"]}]},{\"@type\":\"ImageObject\",\"inLanguage\":\"es-AR\",\"@id\":\"https:\/\/chumamaya.com\/ventas\/product\/mamushka\/#primaryimage\",\"url\":\"https:\/\/chumamaya.com\/ventas\/files\/2025\/04\/IMG_3766FILEminimizer.jpg\",\"contentUrl\":\"https:\/\/chumamaya.com\/ventas\/files\/2025\/04\/IMG_3766FILEminimizer.jpg\",\"width\":1600,\"height\":1200},{\"@type\":\"BreadcrumbList\",\"@id\":\"https:\/\/chumamaya.com\/ventas\/product\/mamushka\/#breadcrumb\",\"itemListElement\":[{\"@type\":\"ListItem\",\"position\":1,\"name\":\"Inicio\",\"item\":\"https:\/\/chumamaya.com\/ventas\/\"},{\"@type\":\"ListItem\",\"position\":2,\"name\":\"Mamushka\"}]},{\"@type\":\"WebSite\",\"@id\":\"https:\/\/chumamaya.com\/ventas\/#website\",\"url\":\"https:\/\/chumamaya.com\/ventas\/\",\"name\":\"Venta de Inmuebles\",\"description\":\"VENTA DE INMUEBLES\",\"potentialAction\":[{\"@type\":\"SearchAction\",\"target\":{\"@type\":\"EntryPoint\",\"urlTemplate\":\"https:\/\/chumamaya.com\/ventas\/?s={search_term_string}\"},\"query-input\":{\"@type\":\"PropertyValueSpecification\",\"valueRequired\":true,\"valueName\":\"search_term_string\"}}],\"inLanguage\":\"es-AR\"}]}<\/script>\n<!-- \/ Yoast SEO plugin. -->","yoast_head_json":{"title":"Mamushka - Venta de Inmuebles","robots":{"index":"index","follow":"follow","max-snippet":"max-snippet:-1","max-image-preview":"max-image-preview:large","max-video-preview":"max-video-preview:-1"},"canonical":"https:\/\/chumamaya.com\/ventas\/product\/mamushka\/","og_locale":"es_ES","og_type":"article","og_title":"Mamushka - Venta de Inmuebles","og_description":"Chalet estilo country muy confortable, de 3 dormitorios y dos ba\u00f1os (uno con hidromasaje para 2 personas), deck mirador de PVC con vistas espectaculares a la monta\u00f1a, piscina revestida con sistema de calefacci\u00f3n, y parque con riego computarizado. Con gas natural y sobre pavimento. Constructor: Arq Mart\u00edn D\u00edaz A\u00f1o de construcci\u00f3n: 2009 Metros de construcci\u00f3n: &hellip;","og_url":"https:\/\/chumamaya.com\/ventas\/product\/mamushka\/","og_site_name":"Venta de Inmuebles","article_modified_time":"2025-05-12T14:36:17+00:00","og_image":[{"width":1600,"height":1200,"url":"https:\/\/chumamaya.com\/ventas\/files\/2025\/04\/IMG_3766FILEminimizer.jpg","type":"image\/jpeg"}],"twitter_card":"summary_large_image","twitter_misc":{"Tiempo de lectura":"1 minuto"},"schema":{"@context":"https:\/\/schema.org","@graph":[{"@type":"WebPage","@id":"https:\/\/chumamaya.com\/ventas\/product\/mamushka\/","url":"https:\/\/chumamaya.com\/ventas\/product\/mamushka\/","name":"Mamushka - Venta de Inmuebles","isPartOf":{"@id":"https:\/\/chumamaya.com\/ventas\/#website"},"primaryImageOfPage":{"@id":"https:\/\/chumamaya.com\/ventas\/product\/mamushka\/#primaryimage"},"image":{"@id":"https:\/\/chumamaya.com\/ventas\/product\/mamushka\/#primaryimage"},"thumbnailUrl":"https:\/\/chumamaya.com\/ventas\/files\/2025\/04\/IMG_3766FILEminimizer.jpg","datePublished":"2025-04-30T18:03:57+00:00","dateModified":"2025-05-12T14:36:17+00:00","breadcrumb":{"@id":"https:\/\/chumamaya.com\/ventas\/product\/mamushka\/#breadcrumb"},"inLanguage":"es-AR","potentialAction":[{"@type":"ReadAction","target":["https:\/\/chumamaya.com\/ventas\/product\/mamushka\/"]}]},{"@type":"ImageObject","inLanguage":"es-AR","@id":"https:\/\/chumamaya.com\/ventas\/product\/mamushka\/#primaryimage","url":"https:\/\/chumamaya.com\/ventas\/files\/2025\/04\/IMG_3766FILEminimizer.jpg","contentUrl":"https:\/\/chumamaya.com\/ventas\/files\/2025\/04\/IMG_3766FILEminimizer.jpg","width":1600,"height":1200},{"@type":"BreadcrumbList","@id":"https:\/\/chumamaya.com\/ventas\/product\/mamushka\/#breadcrumb","itemListElement":[{"@type":"ListItem","position":1,"name":"Inicio","item":"https:\/\/chumamaya.com\/ventas\/"},{"@type":"ListItem","position":2,"name":"Mamushka"}]},{"@type":"WebSite","@id":"https:\/\/chumamaya.com\/ventas\/#website","url":"https:\/\/chumamaya.com\/ventas\/","name":"Venta de Inmuebles","description":"VENTA DE INMUEBLES","potentialAction":[{"@type":"SearchAction","target":{"@type":"EntryPoint","urlTemplate":"https:\/\/chumamaya.com\/ventas\/?s={search_term_string}"},"query-input":{"@type":"PropertyValueSpecification","valueRequired":true,"valueName":"search_term_string"}}],"inLanguage":"es-AR"}]}},"_links":{"self":[{"href":"https:\/\/chumamaya.com\/ventas\/wp-json\/wp\/v2\/product\/2883"}],"collection":[{"href":"https:\/\/chumamaya.com\/ventas\/wp-json\/wp\/v2\/product"}],"about":[{"href":"https:\/\/chumamaya.com\/ventas\/wp-json\/wp\/v2\/types\/product"}],"replies":[{"embeddable":true,"href":"https:\/\/chumamaya.com\/ventas\/wp-json\/wp\/v2\/comments?post=2883"}],"wp:featuredmedia":[{"embeddable":true,"href":"https:\/\/chumamaya.com\/ventas\/wp-json\/wp\/v2\/media\/2906"}],"wp:attachment":[{"href":"https:\/\/chumamaya.com\/ventas\/wp-json\/wp\/v2\/media?parent=2883"}],"wp:term":[{"taxonomy":"product_cat","embeddable":true,"href":"https:\/\/chumamaya.com\/ventas\/wp-json\/wp\/v2\/product_cat?post=2883"},{"taxonomy":"product_tag","embeddable":true,"href":"https:\/\/chumamaya.com\/ventas\/wp-json\/wp\/v2\/product_tag?post=2883"}],"curies":[{"name":"wp","href":"https:\/\/api.w.org\/{rel}","templated":true}]}}