{"id":3223,"date":"2026-01-15T15:23:30","date_gmt":"2026-01-15T18:23:30","guid":{"rendered":"https:\/\/chumamaya.com\/ventas\/?post_type=product&#038;p=3223"},"modified":"2026-01-17T12:40:08","modified_gmt":"2026-01-17T15:40:08","slug":"colibri","status":"publish","type":"product","link":"https:\/\/chumamaya.com\/ventas\/product\/colibri\/","title":{"rendered":"Colibr\u00ed"},"content":{"rendered":"<p>Espectacular residencia de 2 amplias suites, recepci\u00f3n de casi 40 m2 que se prolonga en una galer\u00eda de 20m2 con vistas sublimes al horizonte, cocina con dise\u00f1o social, toilette, ba\u00f1o completo en subsuelo (la cochera puede cerrarse dejando un ambiente s\u00faper generoso y con conecci\u00f3n para la calefacci\u00f3n central), calefacci\u00f3n central por radiadores, sobre bell\u00edsima esquina con incre\u00edbles vistas. De elevada jerarqu\u00eda constructiva.<\/p>\n<p>Constructor: Arq Gloria Barrera<\/p>\n<p>A\u00f1o de construcci\u00f3n : 2021<\/p>\n<p>Metros de construcci\u00f3n: 294 m2<\/p>\n<p>Ubicaci\u00f3n: UF 2 y 3 Block 27<\/p>\n<p>Superficie lote: 1375 m2<\/p>\n<p>Dormitorios: 2<\/p>\n<p>Ba\u00f1os: 4<\/p>\n<p>Piscina: SI<\/p>\n<p>APTO CR\u00c9DITO HIPOTECARIO<\/p>\n","protected":false},"excerpt":{"rendered":"<p>Espectacular residencia de 2 amplias suites, recepci\u00f3n de casi 40 m2 que se prolonga en una galer\u00eda de 20m2 con vistas sublimes al horizonte, cocina con dise\u00f1o social, toilette, ba\u00f1o completo en subsuelo (la cochera puede cerrarse dejando un ambiente s\u00faper generoso y con conecci\u00f3n para la calefacci\u00f3n central), calefacci\u00f3n central por radiadores, sobre bell\u00edsima &hellip;<\/p>\n","protected":false},"featured_media":3252,"comment_status":"open","ping_status":"closed","template":"","meta":{"_monsterinsights_skip_tracking":false,"_monsterinsights_sitenote_active":false,"_monsterinsights_sitenote_note":"","_monsterinsights_sitenote_category":0},"product_cat":[19],"product_tag":[],"class_list":{"0":"post-3223","1":"product","2":"type-product","3":"status-publish","4":"has-post-thumbnail","6":"product_cat-chalets","7":"has-thumb","9":"first","10":"instock","11":"shipping-taxable","12":"product-type-simple"},"yoast_head":"<!-- This site is optimized with the Yoast SEO plugin v23.4 - https:\/\/yoast.com\/wordpress\/plugins\/seo\/ -->\n<title>Colibr\u00ed - Venta de Inmuebles<\/title>\n<meta name=\"robots\" content=\"index, follow, max-snippet:-1, max-image-preview:large, max-video-preview:-1\" \/>\n<link rel=\"canonical\" href=\"https:\/\/chumamaya.com\/ventas\/product\/colibri\/\" \/>\n<meta property=\"og:locale\" content=\"es_ES\" \/>\n<meta property=\"og:type\" content=\"article\" \/>\n<meta property=\"og:title\" content=\"Colibr\u00ed - Venta de Inmuebles\" \/>\n<meta property=\"og:description\" content=\"Espectacular residencia de 2 amplias suites, recepci\u00f3n de casi 40 m2 que se prolonga en una galer\u00eda de 20m2 con vistas sublimes al horizonte, cocina con dise\u00f1o social, toilette, ba\u00f1o completo en subsuelo (la cochera puede cerrarse dejando un ambiente s\u00faper generoso y con conecci\u00f3n para la calefacci\u00f3n central), calefacci\u00f3n central por radiadores, sobre bell\u00edsima &hellip;\" \/>\n<meta property=\"og:url\" content=\"https:\/\/chumamaya.com\/ventas\/product\/colibri\/\" \/>\n<meta property=\"og:site_name\" content=\"Venta de Inmuebles\" \/>\n<meta property=\"article:modified_time\" content=\"2026-01-17T15:40:08+00:00\" \/>\n<meta property=\"og:image\" content=\"https:\/\/chumamaya.com\/ventas\/files\/2026\/01\/1FILEminimizer.jpg\" \/>\n\t<meta property=\"og:image:width\" content=\"1600\" \/>\n\t<meta property=\"og:image:height\" content=\"1200\" \/>\n\t<meta property=\"og:image:type\" content=\"image\/jpeg\" \/>\n<meta name=\"twitter:card\" content=\"summary_large_image\" \/>\n<meta name=\"twitter:label1\" content=\"Tiempo de lectura\" \/>\n\t<meta name=\"twitter:data1\" content=\"1 minuto\" \/>\n<script type=\"application\/ld+json\" class=\"yoast-schema-graph\">{\"@context\":\"https:\/\/schema.org\",\"@graph\":[{\"@type\":\"WebPage\",\"@id\":\"https:\/\/chumamaya.com\/ventas\/product\/colibri\/\",\"url\":\"https:\/\/chumamaya.com\/ventas\/product\/colibri\/\",\"name\":\"Colibr\u00ed - Venta de Inmuebles\",\"isPartOf\":{\"@id\":\"https:\/\/chumamaya.com\/ventas\/#website\"},\"primaryImageOfPage\":{\"@id\":\"https:\/\/chumamaya.com\/ventas\/product\/colibri\/#primaryimage\"},\"image\":{\"@id\":\"https:\/\/chumamaya.com\/ventas\/product\/colibri\/#primaryimage\"},\"thumbnailUrl\":\"https:\/\/chumamaya.com\/ventas\/files\/2026\/01\/1FILEminimizer.jpg\",\"datePublished\":\"2026-01-15T18:23:30+00:00\",\"dateModified\":\"2026-01-17T15:40:08+00:00\",\"breadcrumb\":{\"@id\":\"https:\/\/chumamaya.com\/ventas\/product\/colibri\/#breadcrumb\"},\"inLanguage\":\"es-AR\",\"potentialAction\":[{\"@type\":\"ReadAction\",\"target\":[\"https:\/\/chumamaya.com\/ventas\/product\/colibri\/\"]}]},{\"@type\":\"ImageObject\",\"inLanguage\":\"es-AR\",\"@id\":\"https:\/\/chumamaya.com\/ventas\/product\/colibri\/#primaryimage\",\"url\":\"https:\/\/chumamaya.com\/ventas\/files\/2026\/01\/1FILEminimizer.jpg\",\"contentUrl\":\"https:\/\/chumamaya.com\/ventas\/files\/2026\/01\/1FILEminimizer.jpg\",\"width\":1600,\"height\":1200},{\"@type\":\"BreadcrumbList\",\"@id\":\"https:\/\/chumamaya.com\/ventas\/product\/colibri\/#breadcrumb\",\"itemListElement\":[{\"@type\":\"ListItem\",\"position\":1,\"name\":\"Inicio\",\"item\":\"https:\/\/chumamaya.com\/ventas\/\"},{\"@type\":\"ListItem\",\"position\":2,\"name\":\"Colibr\u00ed\"}]},{\"@type\":\"WebSite\",\"@id\":\"https:\/\/chumamaya.com\/ventas\/#website\",\"url\":\"https:\/\/chumamaya.com\/ventas\/\",\"name\":\"Venta de Inmuebles\",\"description\":\"VENTA DE INMUEBLES\",\"potentialAction\":[{\"@type\":\"SearchAction\",\"target\":{\"@type\":\"EntryPoint\",\"urlTemplate\":\"https:\/\/chumamaya.com\/ventas\/?s={search_term_string}\"},\"query-input\":{\"@type\":\"PropertyValueSpecification\",\"valueRequired\":true,\"valueName\":\"search_term_string\"}}],\"inLanguage\":\"es-AR\"}]}<\/script>\n<!-- \/ Yoast SEO plugin. -->","yoast_head_json":{"title":"Colibr\u00ed - Venta de Inmuebles","robots":{"index":"index","follow":"follow","max-snippet":"max-snippet:-1","max-image-preview":"max-image-preview:large","max-video-preview":"max-video-preview:-1"},"canonical":"https:\/\/chumamaya.com\/ventas\/product\/colibri\/","og_locale":"es_ES","og_type":"article","og_title":"Colibr\u00ed - Venta de Inmuebles","og_description":"Espectacular residencia de 2 amplias suites, recepci\u00f3n de casi 40 m2 que se prolonga en una galer\u00eda de 20m2 con vistas sublimes al horizonte, cocina con dise\u00f1o social, toilette, ba\u00f1o completo en subsuelo (la cochera puede cerrarse dejando un ambiente s\u00faper generoso y con conecci\u00f3n para la calefacci\u00f3n central), calefacci\u00f3n central por radiadores, sobre bell\u00edsima &hellip;","og_url":"https:\/\/chumamaya.com\/ventas\/product\/colibri\/","og_site_name":"Venta de Inmuebles","article_modified_time":"2026-01-17T15:40:08+00:00","og_image":[{"width":1600,"height":1200,"url":"https:\/\/chumamaya.com\/ventas\/files\/2026\/01\/1FILEminimizer.jpg","type":"image\/jpeg"}],"twitter_card":"summary_large_image","twitter_misc":{"Tiempo de lectura":"1 minuto"},"schema":{"@context":"https:\/\/schema.org","@graph":[{"@type":"WebPage","@id":"https:\/\/chumamaya.com\/ventas\/product\/colibri\/","url":"https:\/\/chumamaya.com\/ventas\/product\/colibri\/","name":"Colibr\u00ed - Venta de Inmuebles","isPartOf":{"@id":"https:\/\/chumamaya.com\/ventas\/#website"},"primaryImageOfPage":{"@id":"https:\/\/chumamaya.com\/ventas\/product\/colibri\/#primaryimage"},"image":{"@id":"https:\/\/chumamaya.com\/ventas\/product\/colibri\/#primaryimage"},"thumbnailUrl":"https:\/\/chumamaya.com\/ventas\/files\/2026\/01\/1FILEminimizer.jpg","datePublished":"2026-01-15T18:23:30+00:00","dateModified":"2026-01-17T15:40:08+00:00","breadcrumb":{"@id":"https:\/\/chumamaya.com\/ventas\/product\/colibri\/#breadcrumb"},"inLanguage":"es-AR","potentialAction":[{"@type":"ReadAction","target":["https:\/\/chumamaya.com\/ventas\/product\/colibri\/"]}]},{"@type":"ImageObject","inLanguage":"es-AR","@id":"https:\/\/chumamaya.com\/ventas\/product\/colibri\/#primaryimage","url":"https:\/\/chumamaya.com\/ventas\/files\/2026\/01\/1FILEminimizer.jpg","contentUrl":"https:\/\/chumamaya.com\/ventas\/files\/2026\/01\/1FILEminimizer.jpg","width":1600,"height":1200},{"@type":"BreadcrumbList","@id":"https:\/\/chumamaya.com\/ventas\/product\/colibri\/#breadcrumb","itemListElement":[{"@type":"ListItem","position":1,"name":"Inicio","item":"https:\/\/chumamaya.com\/ventas\/"},{"@type":"ListItem","position":2,"name":"Colibr\u00ed"}]},{"@type":"WebSite","@id":"https:\/\/chumamaya.com\/ventas\/#website","url":"https:\/\/chumamaya.com\/ventas\/","name":"Venta de Inmuebles","description":"VENTA DE INMUEBLES","potentialAction":[{"@type":"SearchAction","target":{"@type":"EntryPoint","urlTemplate":"https:\/\/chumamaya.com\/ventas\/?s={search_term_string}"},"query-input":{"@type":"PropertyValueSpecification","valueRequired":true,"valueName":"search_term_string"}}],"inLanguage":"es-AR"}]}},"_links":{"self":[{"href":"https:\/\/chumamaya.com\/ventas\/wp-json\/wp\/v2\/product\/3223"}],"collection":[{"href":"https:\/\/chumamaya.com\/ventas\/wp-json\/wp\/v2\/product"}],"about":[{"href":"https:\/\/chumamaya.com\/ventas\/wp-json\/wp\/v2\/types\/product"}],"replies":[{"embeddable":true,"href":"https:\/\/chumamaya.com\/ventas\/wp-json\/wp\/v2\/comments?post=3223"}],"wp:featuredmedia":[{"embeddable":true,"href":"https:\/\/chumamaya.com\/ventas\/wp-json\/wp\/v2\/media\/3252"}],"wp:attachment":[{"href":"https:\/\/chumamaya.com\/ventas\/wp-json\/wp\/v2\/media?parent=3223"}],"wp:term":[{"taxonomy":"product_cat","embeddable":true,"href":"https:\/\/chumamaya.com\/ventas\/wp-json\/wp\/v2\/product_cat?post=3223"},{"taxonomy":"product_tag","embeddable":true,"href":"https:\/\/chumamaya.com\/ventas\/wp-json\/wp\/v2\/product_tag?post=3223"}],"curies":[{"name":"wp","href":"https:\/\/api.w.org\/{rel}","templated":true}]}}