{"id":3295,"date":"2026-03-04T11:07:55","date_gmt":"2026-03-04T14:07:55","guid":{"rendered":"https:\/\/chumamaya.com\/ventas\/?post_type=product&#038;p=3295"},"modified":"2026-03-04T14:48:46","modified_gmt":"2026-03-04T17:48:46","slug":"lote-29-uf-5","status":"publish","type":"product","link":"https:\/\/chumamaya.com\/ventas\/product\/lote-29-uf-5\/","title":{"rendered":"Lote 29 UF 5"},"content":{"rendered":"<p>Lote con vista espectacular a la monta\u00f1a, todo consolidado en sus vecinos. Con todos los servicios, incluso gas natural.<\/p>\n<p>Gas: Si<br \/>\nLuz: Si<br \/>\nSuperficie Total: 800 m2<br \/>\nAgua corriente: Si<br \/>\nPavimento: a 20 m<br \/>\nParquizaci\u00f3n en vereda: Si<br \/>\nParquizaci\u00f3n en lote: Si<br \/>\nInternet ADSL: Optativo<\/p>\n<p>APTO CR\u00c9DITO HIPOTECARIO<\/p>\n","protected":false},"excerpt":{"rendered":"<p>Lote con vista espectacular a la monta\u00f1a, todo consolidado en sus vecinos. Con todos los servicios, incluso gas natural. Gas: Si Luz: Si Superficie Total: 800 m2 Agua corriente: Si Pavimento: a 20 m Parquizaci\u00f3n en vereda: Si Parquizaci\u00f3n en lote: Si Internet ADSL: Optativo APTO CR\u00c9DITO HIPOTECARIO<\/p>\n","protected":false},"featured_media":3310,"comment_status":"open","ping_status":"closed","template":"","meta":{"_monsterinsights_skip_tracking":false,"_monsterinsights_sitenote_active":false,"_monsterinsights_sitenote_note":"","_monsterinsights_sitenote_category":0},"product_cat":[20],"product_tag":[],"class_list":{"0":"post-3295","1":"product","2":"type-product","3":"status-publish","4":"has-post-thumbnail","6":"product_cat-lotes","7":"has-thumb","9":"first","10":"instock","11":"shipping-taxable","12":"product-type-simple"},"yoast_head":"<!-- This site is optimized with the Yoast SEO plugin v23.4 - https:\/\/yoast.com\/wordpress\/plugins\/seo\/ -->\n<title>Lote 29 UF 5 - Venta de Inmuebles<\/title>\n<meta name=\"robots\" content=\"index, follow, max-snippet:-1, max-image-preview:large, max-video-preview:-1\" \/>\n<link rel=\"canonical\" href=\"https:\/\/chumamaya.com\/ventas\/product\/lote-29-uf-5\/\" \/>\n<meta property=\"og:locale\" content=\"es_ES\" \/>\n<meta property=\"og:type\" content=\"article\" \/>\n<meta property=\"og:title\" content=\"Lote 29 UF 5 - Venta de Inmuebles\" \/>\n<meta property=\"og:description\" content=\"Lote con vista espectacular a la monta\u00f1a, todo consolidado en sus vecinos. Con todos los servicios, incluso gas natural. Gas: Si Luz: Si Superficie Total: 800 m2 Agua corriente: Si Pavimento: a 20 m Parquizaci\u00f3n en vereda: Si Parquizaci\u00f3n en lote: Si Internet ADSL: Optativo APTO CR\u00c9DITO HIPOTECARIO\" \/>\n<meta property=\"og:url\" content=\"https:\/\/chumamaya.com\/ventas\/product\/lote-29-uf-5\/\" \/>\n<meta property=\"og:site_name\" content=\"Venta de Inmuebles\" \/>\n<meta property=\"article:modified_time\" content=\"2026-03-04T17:48:46+00:00\" \/>\n<meta property=\"og:image\" content=\"https:\/\/chumamaya.com\/ventas\/files\/2026\/03\/DJI_20260228124509_0565_D.JPGFILEminimizer-1.jpeg\" \/>\n\t<meta property=\"og:image:width\" content=\"1600\" \/>\n\t<meta property=\"og:image:height\" content=\"1200\" \/>\n\t<meta property=\"og:image:type\" content=\"image\/jpeg\" \/>\n<meta name=\"twitter:card\" content=\"summary_large_image\" \/>\n<meta name=\"twitter:label1\" content=\"Tiempo de lectura\" \/>\n\t<meta name=\"twitter:data1\" content=\"1 minuto\" \/>\n<script type=\"application\/ld+json\" class=\"yoast-schema-graph\">{\"@context\":\"https:\/\/schema.org\",\"@graph\":[{\"@type\":\"WebPage\",\"@id\":\"https:\/\/chumamaya.com\/ventas\/product\/lote-29-uf-5\/\",\"url\":\"https:\/\/chumamaya.com\/ventas\/product\/lote-29-uf-5\/\",\"name\":\"Lote 29 UF 5 - Venta de Inmuebles\",\"isPartOf\":{\"@id\":\"https:\/\/chumamaya.com\/ventas\/#website\"},\"primaryImageOfPage\":{\"@id\":\"https:\/\/chumamaya.com\/ventas\/product\/lote-29-uf-5\/#primaryimage\"},\"image\":{\"@id\":\"https:\/\/chumamaya.com\/ventas\/product\/lote-29-uf-5\/#primaryimage\"},\"thumbnailUrl\":\"https:\/\/chumamaya.com\/ventas\/files\/2026\/03\/DJI_20260228124509_0565_D.JPGFILEminimizer-1.jpeg\",\"datePublished\":\"2026-03-04T14:07:55+00:00\",\"dateModified\":\"2026-03-04T17:48:46+00:00\",\"breadcrumb\":{\"@id\":\"https:\/\/chumamaya.com\/ventas\/product\/lote-29-uf-5\/#breadcrumb\"},\"inLanguage\":\"es-AR\",\"potentialAction\":[{\"@type\":\"ReadAction\",\"target\":[\"https:\/\/chumamaya.com\/ventas\/product\/lote-29-uf-5\/\"]}]},{\"@type\":\"ImageObject\",\"inLanguage\":\"es-AR\",\"@id\":\"https:\/\/chumamaya.com\/ventas\/product\/lote-29-uf-5\/#primaryimage\",\"url\":\"https:\/\/chumamaya.com\/ventas\/files\/2026\/03\/DJI_20260228124509_0565_D.JPGFILEminimizer-1.jpeg\",\"contentUrl\":\"https:\/\/chumamaya.com\/ventas\/files\/2026\/03\/DJI_20260228124509_0565_D.JPGFILEminimizer-1.jpeg\",\"width\":1600,\"height\":1200},{\"@type\":\"BreadcrumbList\",\"@id\":\"https:\/\/chumamaya.com\/ventas\/product\/lote-29-uf-5\/#breadcrumb\",\"itemListElement\":[{\"@type\":\"ListItem\",\"position\":1,\"name\":\"Inicio\",\"item\":\"https:\/\/chumamaya.com\/ventas\/\"},{\"@type\":\"ListItem\",\"position\":2,\"name\":\"Lote 29 UF 5\"}]},{\"@type\":\"WebSite\",\"@id\":\"https:\/\/chumamaya.com\/ventas\/#website\",\"url\":\"https:\/\/chumamaya.com\/ventas\/\",\"name\":\"Venta de Inmuebles\",\"description\":\"VENTA DE INMUEBLES\",\"potentialAction\":[{\"@type\":\"SearchAction\",\"target\":{\"@type\":\"EntryPoint\",\"urlTemplate\":\"https:\/\/chumamaya.com\/ventas\/?s={search_term_string}\"},\"query-input\":{\"@type\":\"PropertyValueSpecification\",\"valueRequired\":true,\"valueName\":\"search_term_string\"}}],\"inLanguage\":\"es-AR\"}]}<\/script>\n<!-- \/ Yoast SEO plugin. -->","yoast_head_json":{"title":"Lote 29 UF 5 - Venta de Inmuebles","robots":{"index":"index","follow":"follow","max-snippet":"max-snippet:-1","max-image-preview":"max-image-preview:large","max-video-preview":"max-video-preview:-1"},"canonical":"https:\/\/chumamaya.com\/ventas\/product\/lote-29-uf-5\/","og_locale":"es_ES","og_type":"article","og_title":"Lote 29 UF 5 - Venta de Inmuebles","og_description":"Lote con vista espectacular a la monta\u00f1a, todo consolidado en sus vecinos. Con todos los servicios, incluso gas natural. Gas: Si Luz: Si Superficie Total: 800 m2 Agua corriente: Si Pavimento: a 20 m Parquizaci\u00f3n en vereda: Si Parquizaci\u00f3n en lote: Si Internet ADSL: Optativo APTO CR\u00c9DITO HIPOTECARIO","og_url":"https:\/\/chumamaya.com\/ventas\/product\/lote-29-uf-5\/","og_site_name":"Venta de Inmuebles","article_modified_time":"2026-03-04T17:48:46+00:00","og_image":[{"width":1600,"height":1200,"url":"https:\/\/chumamaya.com\/ventas\/files\/2026\/03\/DJI_20260228124509_0565_D.JPGFILEminimizer-1.jpeg","type":"image\/jpeg"}],"twitter_card":"summary_large_image","twitter_misc":{"Tiempo de lectura":"1 minuto"},"schema":{"@context":"https:\/\/schema.org","@graph":[{"@type":"WebPage","@id":"https:\/\/chumamaya.com\/ventas\/product\/lote-29-uf-5\/","url":"https:\/\/chumamaya.com\/ventas\/product\/lote-29-uf-5\/","name":"Lote 29 UF 5 - Venta de Inmuebles","isPartOf":{"@id":"https:\/\/chumamaya.com\/ventas\/#website"},"primaryImageOfPage":{"@id":"https:\/\/chumamaya.com\/ventas\/product\/lote-29-uf-5\/#primaryimage"},"image":{"@id":"https:\/\/chumamaya.com\/ventas\/product\/lote-29-uf-5\/#primaryimage"},"thumbnailUrl":"https:\/\/chumamaya.com\/ventas\/files\/2026\/03\/DJI_20260228124509_0565_D.JPGFILEminimizer-1.jpeg","datePublished":"2026-03-04T14:07:55+00:00","dateModified":"2026-03-04T17:48:46+00:00","breadcrumb":{"@id":"https:\/\/chumamaya.com\/ventas\/product\/lote-29-uf-5\/#breadcrumb"},"inLanguage":"es-AR","potentialAction":[{"@type":"ReadAction","target":["https:\/\/chumamaya.com\/ventas\/product\/lote-29-uf-5\/"]}]},{"@type":"ImageObject","inLanguage":"es-AR","@id":"https:\/\/chumamaya.com\/ventas\/product\/lote-29-uf-5\/#primaryimage","url":"https:\/\/chumamaya.com\/ventas\/files\/2026\/03\/DJI_20260228124509_0565_D.JPGFILEminimizer-1.jpeg","contentUrl":"https:\/\/chumamaya.com\/ventas\/files\/2026\/03\/DJI_20260228124509_0565_D.JPGFILEminimizer-1.jpeg","width":1600,"height":1200},{"@type":"BreadcrumbList","@id":"https:\/\/chumamaya.com\/ventas\/product\/lote-29-uf-5\/#breadcrumb","itemListElement":[{"@type":"ListItem","position":1,"name":"Inicio","item":"https:\/\/chumamaya.com\/ventas\/"},{"@type":"ListItem","position":2,"name":"Lote 29 UF 5"}]},{"@type":"WebSite","@id":"https:\/\/chumamaya.com\/ventas\/#website","url":"https:\/\/chumamaya.com\/ventas\/","name":"Venta de Inmuebles","description":"VENTA DE INMUEBLES","potentialAction":[{"@type":"SearchAction","target":{"@type":"EntryPoint","urlTemplate":"https:\/\/chumamaya.com\/ventas\/?s={search_term_string}"},"query-input":{"@type":"PropertyValueSpecification","valueRequired":true,"valueName":"search_term_string"}}],"inLanguage":"es-AR"}]}},"_links":{"self":[{"href":"https:\/\/chumamaya.com\/ventas\/wp-json\/wp\/v2\/product\/3295"}],"collection":[{"href":"https:\/\/chumamaya.com\/ventas\/wp-json\/wp\/v2\/product"}],"about":[{"href":"https:\/\/chumamaya.com\/ventas\/wp-json\/wp\/v2\/types\/product"}],"replies":[{"embeddable":true,"href":"https:\/\/chumamaya.com\/ventas\/wp-json\/wp\/v2\/comments?post=3295"}],"wp:featuredmedia":[{"embeddable":true,"href":"https:\/\/chumamaya.com\/ventas\/wp-json\/wp\/v2\/media\/3310"}],"wp:attachment":[{"href":"https:\/\/chumamaya.com\/ventas\/wp-json\/wp\/v2\/media?parent=3295"}],"wp:term":[{"taxonomy":"product_cat","embeddable":true,"href":"https:\/\/chumamaya.com\/ventas\/wp-json\/wp\/v2\/product_cat?post=3295"},{"taxonomy":"product_tag","embeddable":true,"href":"https:\/\/chumamaya.com\/ventas\/wp-json\/wp\/v2\/product_tag?post=3295"}],"curies":[{"name":"wp","href":"https:\/\/api.w.org\/{rel}","templated":true}]}}